{"id":54,"date":"2025-10-13T14:40:44","date_gmt":"2025-10-13T12:40:44","guid":{"rendered":"https:\/\/sos-gouttieres.fr\/?page_id=54"},"modified":"2025-10-15T12:36:07","modified_gmt":"2025-10-15T10:36:07","slug":"installation-gouttieres","status":"publish","type":"page","link":"https:\/\/sos-gouttieres.fr\/index.php\/installation-gouttieres\/","title":{"rendered":"Installation et remplacement de goutti\u00e8res"},"content":{"rendered":"\t\t<div data-elementor-type=\"wp-page\" data-elementor-id=\"54\" class=\"elementor elementor-54\">\n\t\t\t\t<div class=\"elementor-element elementor-element-0c7dc12 e-flex e-con-boxed e-con e-parent\" data-id=\"0c7dc12\" data-element_type=\"container\" data-settings=\"{&quot;background_background&quot;:&quot;classic&quot;}\">\n\t\t\t\t\t<div class=\"e-con-inner\">\n\t\t\t\t<div class=\"elementor-element elementor-element-6de9825 elementor-widget elementor-widget-heading\" data-id=\"6de9825\" data-element_type=\"widget\" data-widget_type=\"heading.default\">\n\t\t\t\t\t<h1 class=\"elementor-heading-title elementor-size-default\">Installation et remplacement de goutti\u00e8res<br> \u00e0 Orgeval et dans les Yvelines<\/h1>\t\t\t\t<\/div>\n\t\t\t\t\t<\/div>\n\t\t\t\t<\/div>\n\t\t<div class=\"elementor-element elementor-element-9f8aa22 e-flex e-con-boxed e-con e-parent\" data-id=\"9f8aa22\" data-element_type=\"container\" data-settings=\"{&quot;background_background&quot;:&quot;classic&quot;}\">\n\t\t\t\t\t<div class=\"e-con-inner\">\n\t\t\t\t<div class=\"elementor-element elementor-element-9146ef2 elementor-widget elementor-widget-text-editor\" data-id=\"9146ef2\" data-element_type=\"widget\" data-widget_type=\"text-editor.default\">\n\t\t\t\t\t\t\t\t\t<p>Chez SOS Goutti\u00e8res, nous assurons l&rsquo;installation et le remplacement de goutti\u00e8res pour tous types d\u2019habitations \u00e0 Orgeval et dans les Yvelines. Qu\u2019il s\u2019agisse d\u2019une installation neuve, d\u2019une r\u00e9novation ou d\u2019un changement partiel, nos techniciens interviennent rapidement pour garantir une \u00e9vacuation d\u2019eau efficace et durable. Nous travaillons avec des mat\u00e9riaux de qualit\u00e9 \u2014 zinc, aluminium, PVC ou cuivre \u2014 selon vos besoins et le style de votre maison.<\/p>\t\t\t\t\t\t\t\t<\/div>\n\t\t\t\t\t<\/div>\n\t\t\t\t<\/div>\n\t\t<div class=\"elementor-element elementor-element-b798a2b e-flex e-con-boxed e-con e-parent\" data-id=\"b798a2b\" data-element_type=\"container\" data-settings=\"{&quot;background_background&quot;:&quot;classic&quot;}\">\n\t\t\t\t\t<div class=\"e-con-inner\">\n\t\t\t\t<div class=\"elementor-element elementor-element-3a61b5a elementor-widget elementor-widget-image\" data-id=\"3a61b5a\" data-element_type=\"widget\" data-widget_type=\"image.default\">\n\t\t\t\t\t\t\t\t\t\t\t\t\t\t\t\t<a href=\"https:\/\/www.lariviere.fr\/\">\n\t\t\t\t\t\t\t<img fetchpriority=\"high\" decoding=\"async\" width=\"670\" height=\"347\" src=\"https:\/\/sos-gouttieres.fr\/wp-content\/uploads\/2025\/10\/banniere-alu.jpg\" class=\"attachment-large size-large wp-image-19\" alt=\"sos goutti\u00e8res\" srcset=\"https:\/\/sos-gouttieres.fr\/wp-content\/uploads\/2025\/10\/banniere-alu.jpg 670w, https:\/\/sos-gouttieres.fr\/wp-content\/uploads\/2025\/10\/banniere-alu-300x155.jpg 300w\" sizes=\"(max-width: 670px) 100vw, 670px\" \/>\t\t\t\t\t\t\t\t<\/a>\n\t\t\t\t\t\t\t\t\t\t\t\t\t\t\t<\/div>\n\t\t\t\t\t<\/div>\n\t\t\t\t<\/div>\n\t\t<div class=\"elementor-element elementor-element-fb37f8b e-flex e-con-boxed e-con e-parent\" data-id=\"fb37f8b\" data-element_type=\"container\" data-settings=\"{&quot;background_background&quot;:&quot;classic&quot;}\">\n\t\t\t\t\t<div class=\"e-con-inner\">\n\t\t\t\t<div class=\"elementor-element elementor-element-624b8d6 elementor-widget elementor-widget-heading\" data-id=\"624b8d6\" data-element_type=\"widget\" data-widget_type=\"heading.default\">\n\t\t\t\t\t<h2 class=\"elementor-heading-title elementor-size-default\">Des goutti\u00e8res install\u00e9es dans les r\u00e8gles de l'art<\/h2>\t\t\t\t<\/div>\n\t\t\t\t\t<\/div>\n\t\t\t\t<\/div>\n\t\t<div class=\"elementor-element elementor-element-f0f6b74 e-flex e-con-boxed e-con e-parent\" data-id=\"f0f6b74\" data-element_type=\"container\" data-settings=\"{&quot;background_background&quot;:&quot;classic&quot;}\">\n\t\t\t\t\t<div class=\"e-con-inner\">\n\t\t\t\t<div class=\"elementor-element elementor-element-9ccea41 elementor-widget elementor-widget-text-editor\" data-id=\"9ccea41\" data-element_type=\"widget\" data-widget_type=\"text-editor.default\">\n\t\t\t\t\t\t\t\t\t<p>Nous assurons une installation conforme aux normes, avec des pentes pr\u00e9cises pour un \u00e9coulement optimal. Nos experts v\u00e9rifient chaque fixation et assurent l\u2019\u00e9tanch\u00e9it\u00e9 des raccords. Le r\u00e9sultat : une goutti\u00e8re solide, durable et esth\u00e9tique.<\/p>\t\t\t\t\t\t\t\t<\/div>\n\t\t\t\t\t<\/div>\n\t\t\t\t<\/div>\n\t\t<div class=\"elementor-element elementor-element-8fc031b e-flex e-con-boxed e-con e-parent\" data-id=\"8fc031b\" data-element_type=\"container\" data-settings=\"{&quot;background_background&quot;:&quot;classic&quot;}\">\n\t\t\t\t\t<div class=\"e-con-inner\">\n\t\t\t\t<div class=\"elementor-element elementor-element-d434fdc elementor-widget elementor-widget-heading\" data-id=\"d434fdc\" data-element_type=\"widget\" data-widget_type=\"heading.default\">\n\t\t\t\t\t<h2 class=\"elementor-heading-title elementor-size-default\">Remplacement et r\u00e9novation de vos anciennes goutti\u00e8res<\/h2>\t\t\t\t<\/div>\n\t\t\t\t\t<\/div>\n\t\t\t\t<\/div>\n\t\t<div class=\"elementor-element elementor-element-87569d1 e-flex e-con-boxed e-con e-parent\" data-id=\"87569d1\" data-element_type=\"container\" data-settings=\"{&quot;background_background&quot;:&quot;classic&quot;}\">\n\t\t\t\t\t<div class=\"e-con-inner\">\n\t\t\t\t<div class=\"elementor-element elementor-element-89fb56e elementor-widget elementor-widget-text-editor\" data-id=\"89fb56e\" data-element_type=\"widget\" data-widget_type=\"text-editor.default\">\n\t\t\t\t\t\t\t\t\t<p>Une goutti\u00e8re fissur\u00e9e, perc\u00e9e ou rouill\u00e9e peut causer des infiltrations. Nous rempla\u00e7ons vos anciens syst\u00e8mes par des mod\u00e8les modernes et plus r\u00e9sistants, tout en respectant le style de votre fa\u00e7ade.<\/p>\t\t\t\t\t\t\t\t<\/div>\n\t\t\t\t\t<\/div>\n\t\t\t\t<\/div>\n\t\t<div class=\"elementor-element elementor-element-48af802 e-flex e-con-boxed e-con e-parent\" data-id=\"48af802\" data-element_type=\"container\" data-settings=\"{&quot;background_background&quot;:&quot;classic&quot;}\">\n\t\t\t\t\t<div class=\"e-con-inner\">\n\t\t\t\t<div class=\"elementor-element elementor-element-92914f8 elementor-widget elementor-widget-image\" data-id=\"92914f8\" data-element_type=\"widget\" data-widget_type=\"image.default\">\n\t\t\t\t\t\t\t\t\t\t\t\t<figure class=\"wp-caption\">\n\t\t\t\t\t\t\t\t\t\t<img decoding=\"async\" width=\"550\" height=\"400\" src=\"https:\/\/sos-gouttieres.fr\/wp-content\/uploads\/2025\/10\/Ootravaux_Gouttieres-cuivre_1000x667.jpg\" class=\"attachment-large size-large wp-image-26\" alt=\"Pose de goutti\u00e8res\" srcset=\"https:\/\/sos-gouttieres.fr\/wp-content\/uploads\/2025\/10\/Ootravaux_Gouttieres-cuivre_1000x667.jpg 550w, https:\/\/sos-gouttieres.fr\/wp-content\/uploads\/2025\/10\/Ootravaux_Gouttieres-cuivre_1000x667-300x218.jpg 300w\" sizes=\"(max-width: 550px) 100vw, 550px\" \/>\t\t\t\t\t\t\t\t\t\t\t<figcaption class=\"widget-image-caption wp-caption-text\"><\/figcaption>\n\t\t\t\t\t\t\t\t\t\t<\/figure>\n\t\t\t\t\t\t\t\t\t<\/div>\n\t\t\t\t\t<\/div>\n\t\t\t\t<\/div>\n\t\t<div class=\"elementor-element elementor-element-a7a4151 e-flex e-con-boxed e-con e-parent\" data-id=\"a7a4151\" data-element_type=\"container\" data-settings=\"{&quot;background_background&quot;:&quot;classic&quot;}\">\n\t\t\t\t\t<div class=\"e-con-inner\">\n\t\t\t\t<div class=\"elementor-element elementor-element-15eb527 elementor-widget elementor-widget-heading\" data-id=\"15eb527\" data-element_type=\"widget\" data-widget_type=\"heading.default\">\n\t\t\t\t\t<h2 class=\"elementor-heading-title elementor-size-default\">Intervention rapide \u00e0 Orgeval<br> et dans tout le d\u00e9partement des Yvelines<\/h2>\t\t\t\t<\/div>\n\t\t\t\t\t<\/div>\n\t\t\t\t<\/div>\n\t\t<div class=\"elementor-element elementor-element-80eaa2c e-flex e-con-boxed e-con e-parent\" data-id=\"80eaa2c\" data-element_type=\"container\" data-settings=\"{&quot;background_background&quot;:&quot;classic&quot;}\">\n\t\t\t\t\t<div class=\"e-con-inner\">\n\t\t\t\t<div class=\"elementor-element elementor-element-ead05e1 elementor-widget elementor-widget-text-editor\" data-id=\"ead05e1\" data-element_type=\"widget\" data-widget_type=\"text-editor.default\">\n\t\t\t\t\t\t\t\t\t<p>Bas\u00e9s \u00e0 Orgeval, nous intervenons rapidement dans tout le 78 : Poissy, Chambourcy, Saint-Germain-en-Laye, Feucherolles, etc. Notre \u00e9quipe est disponible pour une intervention express ou un <strong>devis gratuit<\/strong> sur simple appel.<\/p><p>Pour conclure, contactez SOS Goutti\u00e8res des aujourd&rsquo;hui pour un devis gratuit et sans engagement.<\/p>\t\t\t\t\t\t\t\t<\/div>\n\t\t\t\t<div class=\"elementor-element elementor-element-4f7a326 elementor-align-center elementor-widget elementor-widget-button\" data-id=\"4f7a326\" data-element_type=\"widget\" data-widget_type=\"button.default\">\n\t\t\t\t\t\t\t\t\t\t<a class=\"elementor-button elementor-button-link elementor-size-sm\" href=\"tel:0618527595\">\n\t\t\t\t\t\t<span class=\"elementor-button-content-wrapper\">\n\t\t\t\t\t\t\t\t\t<span class=\"elementor-button-text\">Demandez un devis<\/span>\n\t\t\t\t\t<\/span>\n\t\t\t\t\t<\/a>\n\t\t\t\t\t\t\t\t<\/div>\n\t\t\t\t\t<\/div>\n\t\t\t\t<\/div>\n\t\t<div class=\"elementor-element elementor-element-632a419 e-flex e-con-boxed e-con e-parent\" data-id=\"632a419\" data-element_type=\"container\" data-settings=\"{&quot;background_background&quot;:&quot;classic&quot;}\">\n\t\t\t\t\t<div class=\"e-con-inner\">\n\t\t\t\t<div class=\"elementor-element elementor-element-0a68d17 elementor-widget elementor-widget-text-editor\" data-id=\"0a68d17\" data-element_type=\"widget\" data-widget_type=\"text-editor.default\">\n\t\t\t\t\t\t\t\t\t<p><a href=\"https:\/\/sos-gouttieres.fr\/\">Retour \u00e0 l&rsquo;accueil<\/a><\/p>\t\t\t\t\t\t\t\t<\/div>\n\t\t\t\t\t<\/div>\n\t\t\t\t<\/div>\n\t\t\t\t<\/div>\n\t\t","protected":false},"excerpt":{"rendered":"<p>Installation et remplacement de goutti\u00e8res \u00e0 Orgeval et dans les Yvelines Chez SOS Goutti\u00e8res, nous assurons l&rsquo;installation et le remplacement de goutti\u00e8res pour tous types d\u2019habitations \u00e0 Orgeval et dans les Yvelines. Qu\u2019il s\u2019agisse d\u2019une installation neuve, d\u2019une r\u00e9novation ou d\u2019un changement partiel, nos techniciens interviennent rapidement pour garantir une \u00e9vacuation d\u2019eau efficace et durable. [&hellip;]<\/p>\n","protected":false},"author":1,"featured_media":0,"parent":0,"menu_order":0,"comment_status":"closed","ping_status":"closed","template":"elementor_canvas","meta":{"footnotes":""},"class_list":["post-54","page","type-page","status-publish","hentry"],"yoast_head":"<!-- This site is optimized with the Yoast SEO plugin v26.1.1 - https:\/\/yoast.com\/wordpress\/plugins\/seo\/ -->\n<title>Installation et remplacement de goutti\u00e8res \u00e0 Orgeval 78<\/title>\n<meta name=\"description\" content=\"Installation et remplacement de goutti\u00e8res \u00e0 Orgeval et dans les Yvelines. Artisan sp\u00e9cialis\u00e9, devis Gratuit, intervention rapide\" \/>\n<meta name=\"robots\" content=\"index, follow, max-snippet:-1, max-image-preview:large, max-video-preview:-1\" \/>\n<link rel=\"canonical\" href=\"https:\/\/sos-gouttieres.fr\/index.php\/installation-gouttieres\/\" \/>\n<meta property=\"og:locale\" content=\"fr_FR\" \/>\n<meta property=\"og:type\" content=\"article\" \/>\n<meta property=\"og:title\" content=\"Installation et remplacement de goutti\u00e8res \u00e0 Orgeval 78\" \/>\n<meta property=\"og:description\" content=\"Installation et remplacement de goutti\u00e8res \u00e0 Orgeval et dans les Yvelines. Artisan sp\u00e9cialis\u00e9, devis Gratuit, intervention rapide\" \/>\n<meta property=\"og:url\" content=\"https:\/\/sos-gouttieres.fr\/index.php\/installation-gouttieres\/\" \/>\n<meta property=\"og:site_name\" content=\"SOS Goutti\u00e8res\" \/>\n<meta property=\"article:modified_time\" content=\"2025-10-15T10:36:07+00:00\" \/>\n<meta property=\"og:image\" content=\"https:\/\/sos-gouttieres.fr\/wp-content\/uploads\/2025\/10\/banniere-alu.jpg\" \/>\n\t<meta property=\"og:image:width\" content=\"670\" \/>\n\t<meta property=\"og:image:height\" content=\"347\" \/>\n\t<meta property=\"og:image:type\" content=\"image\/jpeg\" \/>\n<meta name=\"twitter:card\" content=\"summary_large_image\" \/>\n<meta name=\"twitter:label1\" content=\"Dur\u00e9e de lecture estim\u00e9e\" \/>\n\t<meta name=\"twitter:data1\" content=\"2 minutes\" \/>\n<script type=\"application\/ld+json\" class=\"yoast-schema-graph\">{\"@context\":\"https:\/\/schema.org\",\"@graph\":[{\"@type\":\"WebPage\",\"@id\":\"https:\/\/sos-gouttieres.fr\/index.php\/installation-gouttieres\/\",\"url\":\"https:\/\/sos-gouttieres.fr\/index.php\/installation-gouttieres\/\",\"name\":\"Installation et remplacement de goutti\u00e8res \u00e0 Orgeval 78\",\"isPartOf\":{\"@id\":\"https:\/\/sos-gouttieres.fr\/#website\"},\"primaryImageOfPage\":{\"@id\":\"https:\/\/sos-gouttieres.fr\/index.php\/installation-gouttieres\/#primaryimage\"},\"image\":{\"@id\":\"https:\/\/sos-gouttieres.fr\/index.php\/installation-gouttieres\/#primaryimage\"},\"thumbnailUrl\":\"https:\/\/sos-gouttieres.fr\/wp-content\/uploads\/2025\/10\/banniere-alu.jpg\",\"datePublished\":\"2025-10-13T12:40:44+00:00\",\"dateModified\":\"2025-10-15T10:36:07+00:00\",\"description\":\"Installation et remplacement de goutti\u00e8res \u00e0 Orgeval et dans les Yvelines. Artisan sp\u00e9cialis\u00e9, devis Gratuit, intervention rapide\",\"breadcrumb\":{\"@id\":\"https:\/\/sos-gouttieres.fr\/index.php\/installation-gouttieres\/#breadcrumb\"},\"inLanguage\":\"fr-FR\",\"potentialAction\":[{\"@type\":\"ReadAction\",\"target\":[\"https:\/\/sos-gouttieres.fr\/index.php\/installation-gouttieres\/\"]}]},{\"@type\":\"ImageObject\",\"inLanguage\":\"fr-FR\",\"@id\":\"https:\/\/sos-gouttieres.fr\/index.php\/installation-gouttieres\/#primaryimage\",\"url\":\"https:\/\/sos-gouttieres.fr\/wp-content\/uploads\/2025\/10\/banniere-alu.jpg\",\"contentUrl\":\"https:\/\/sos-gouttieres.fr\/wp-content\/uploads\/2025\/10\/banniere-alu.jpg\",\"width\":670,\"height\":347,\"caption\":\"sos goutti\u00e8res\"},{\"@type\":\"BreadcrumbList\",\"@id\":\"https:\/\/sos-gouttieres.fr\/index.php\/installation-gouttieres\/#breadcrumb\",\"itemListElement\":[{\"@type\":\"ListItem\",\"position\":1,\"name\":\"Accueil\",\"item\":\"https:\/\/sos-gouttieres.fr\/\"},{\"@type\":\"ListItem\",\"position\":2,\"name\":\"Installation et remplacement de goutti\u00e8res\"}]},{\"@type\":\"WebSite\",\"@id\":\"https:\/\/sos-gouttieres.fr\/#website\",\"url\":\"https:\/\/sos-gouttieres.fr\/\",\"name\":\"SOS Goutti\u00e8res\",\"description\":\"R\u00e9paration, remplacement et entretien des goutti\u00e8res \u00e0 Orgeval\",\"publisher\":{\"@id\":\"https:\/\/sos-gouttieres.fr\/#organization\"},\"potentialAction\":[{\"@type\":\"SearchAction\",\"target\":{\"@type\":\"EntryPoint\",\"urlTemplate\":\"https:\/\/sos-gouttieres.fr\/?s={search_term_string}\"},\"query-input\":{\"@type\":\"PropertyValueSpecification\",\"valueRequired\":true,\"valueName\":\"search_term_string\"}}],\"inLanguage\":\"fr-FR\"},{\"@type\":\"Organization\",\"@id\":\"https:\/\/sos-gouttieres.fr\/#organization\",\"name\":\"SOS Goutti\u00e8res\",\"url\":\"https:\/\/sos-gouttieres.fr\/\",\"logo\":{\"@type\":\"ImageObject\",\"inLanguage\":\"fr-FR\",\"@id\":\"https:\/\/sos-gouttieres.fr\/#\/schema\/logo\/image\/\",\"url\":\"https:\/\/sos-gouttieres.fr\/wp-content\/uploads\/2025\/10\/gouttiere-printemps.webp\",\"contentUrl\":\"https:\/\/sos-gouttieres.fr\/wp-content\/uploads\/2025\/10\/gouttiere-printemps.webp\",\"width\":1100,\"height\":550,\"caption\":\"SOS Goutti\u00e8res\"},\"image\":{\"@id\":\"https:\/\/sos-gouttieres.fr\/#\/schema\/logo\/image\/\"}}]}<\/script>\n<!-- \/ Yoast SEO plugin. -->","yoast_head_json":{"title":"Installation et remplacement de goutti\u00e8res \u00e0 Orgeval 78","description":"Installation et remplacement de goutti\u00e8res \u00e0 Orgeval et dans les Yvelines. Artisan sp\u00e9cialis\u00e9, devis Gratuit, intervention rapide","robots":{"index":"index","follow":"follow","max-snippet":"max-snippet:-1","max-image-preview":"max-image-preview:large","max-video-preview":"max-video-preview:-1"},"canonical":"https:\/\/sos-gouttieres.fr\/index.php\/installation-gouttieres\/","og_locale":"fr_FR","og_type":"article","og_title":"Installation et remplacement de goutti\u00e8res \u00e0 Orgeval 78","og_description":"Installation et remplacement de goutti\u00e8res \u00e0 Orgeval et dans les Yvelines. Artisan sp\u00e9cialis\u00e9, devis Gratuit, intervention rapide","og_url":"https:\/\/sos-gouttieres.fr\/index.php\/installation-gouttieres\/","og_site_name":"SOS Goutti\u00e8res","article_modified_time":"2025-10-15T10:36:07+00:00","og_image":[{"width":670,"height":347,"url":"https:\/\/sos-gouttieres.fr\/wp-content\/uploads\/2025\/10\/banniere-alu.jpg","type":"image\/jpeg"}],"twitter_card":"summary_large_image","twitter_misc":{"Dur\u00e9e de lecture estim\u00e9e":"2 minutes"},"schema":{"@context":"https:\/\/schema.org","@graph":[{"@type":"WebPage","@id":"https:\/\/sos-gouttieres.fr\/index.php\/installation-gouttieres\/","url":"https:\/\/sos-gouttieres.fr\/index.php\/installation-gouttieres\/","name":"Installation et remplacement de goutti\u00e8res \u00e0 Orgeval 78","isPartOf":{"@id":"https:\/\/sos-gouttieres.fr\/#website"},"primaryImageOfPage":{"@id":"https:\/\/sos-gouttieres.fr\/index.php\/installation-gouttieres\/#primaryimage"},"image":{"@id":"https:\/\/sos-gouttieres.fr\/index.php\/installation-gouttieres\/#primaryimage"},"thumbnailUrl":"https:\/\/sos-gouttieres.fr\/wp-content\/uploads\/2025\/10\/banniere-alu.jpg","datePublished":"2025-10-13T12:40:44+00:00","dateModified":"2025-10-15T10:36:07+00:00","description":"Installation et remplacement de goutti\u00e8res \u00e0 Orgeval et dans les Yvelines. Artisan sp\u00e9cialis\u00e9, devis Gratuit, intervention rapide","breadcrumb":{"@id":"https:\/\/sos-gouttieres.fr\/index.php\/installation-gouttieres\/#breadcrumb"},"inLanguage":"fr-FR","potentialAction":[{"@type":"ReadAction","target":["https:\/\/sos-gouttieres.fr\/index.php\/installation-gouttieres\/"]}]},{"@type":"ImageObject","inLanguage":"fr-FR","@id":"https:\/\/sos-gouttieres.fr\/index.php\/installation-gouttieres\/#primaryimage","url":"https:\/\/sos-gouttieres.fr\/wp-content\/uploads\/2025\/10\/banniere-alu.jpg","contentUrl":"https:\/\/sos-gouttieres.fr\/wp-content\/uploads\/2025\/10\/banniere-alu.jpg","width":670,"height":347,"caption":"sos goutti\u00e8res"},{"@type":"BreadcrumbList","@id":"https:\/\/sos-gouttieres.fr\/index.php\/installation-gouttieres\/#breadcrumb","itemListElement":[{"@type":"ListItem","position":1,"name":"Accueil","item":"https:\/\/sos-gouttieres.fr\/"},{"@type":"ListItem","position":2,"name":"Installation et remplacement de goutti\u00e8res"}]},{"@type":"WebSite","@id":"https:\/\/sos-gouttieres.fr\/#website","url":"https:\/\/sos-gouttieres.fr\/","name":"SOS Goutti\u00e8res","description":"R\u00e9paration, remplacement et entretien des goutti\u00e8res \u00e0 Orgeval","publisher":{"@id":"https:\/\/sos-gouttieres.fr\/#organization"},"potentialAction":[{"@type":"SearchAction","target":{"@type":"EntryPoint","urlTemplate":"https:\/\/sos-gouttieres.fr\/?s={search_term_string}"},"query-input":{"@type":"PropertyValueSpecification","valueRequired":true,"valueName":"search_term_string"}}],"inLanguage":"fr-FR"},{"@type":"Organization","@id":"https:\/\/sos-gouttieres.fr\/#organization","name":"SOS Goutti\u00e8res","url":"https:\/\/sos-gouttieres.fr\/","logo":{"@type":"ImageObject","inLanguage":"fr-FR","@id":"https:\/\/sos-gouttieres.fr\/#\/schema\/logo\/image\/","url":"https:\/\/sos-gouttieres.fr\/wp-content\/uploads\/2025\/10\/gouttiere-printemps.webp","contentUrl":"https:\/\/sos-gouttieres.fr\/wp-content\/uploads\/2025\/10\/gouttiere-printemps.webp","width":1100,"height":550,"caption":"SOS Goutti\u00e8res"},"image":{"@id":"https:\/\/sos-gouttieres.fr\/#\/schema\/logo\/image\/"}}]}},"_links":{"self":[{"href":"https:\/\/sos-gouttieres.fr\/index.php\/wp-json\/wp\/v2\/pages\/54","targetHints":{"allow":["GET"]}}],"collection":[{"href":"https:\/\/sos-gouttieres.fr\/index.php\/wp-json\/wp\/v2\/pages"}],"about":[{"href":"https:\/\/sos-gouttieres.fr\/index.php\/wp-json\/wp\/v2\/types\/page"}],"author":[{"embeddable":true,"href":"https:\/\/sos-gouttieres.fr\/index.php\/wp-json\/wp\/v2\/users\/1"}],"replies":[{"embeddable":true,"href":"https:\/\/sos-gouttieres.fr\/index.php\/wp-json\/wp\/v2\/comments?post=54"}],"version-history":[{"count":28,"href":"https:\/\/sos-gouttieres.fr\/index.php\/wp-json\/wp\/v2\/pages\/54\/revisions"}],"predecessor-version":[{"id":268,"href":"https:\/\/sos-gouttieres.fr\/index.php\/wp-json\/wp\/v2\/pages\/54\/revisions\/268"}],"wp:attachment":[{"href":"https:\/\/sos-gouttieres.fr\/index.php\/wp-json\/wp\/v2\/media?parent=54"}],"curies":[{"name":"wp","href":"https:\/\/api.w.org\/{rel}","templated":true}]}}